{"id":1965,"date":"2020-06-25T06:03:13","date_gmt":"2020-06-25T06:03:13","guid":{"rendered":"https:\/\/www.vacances-campings.fr\/content\/?page_id=1965"},"modified":"2020-07-03T13:44:00","modified_gmt":"2020-07-03T13:44:00","slug":"protocole-sanitaire-campings","status":"publish","type":"page","link":"https:\/\/www.vacances-campings.fr\/content\/protocole-sanitaire-campings\/","title":{"rendered":"Protocole sanitaire dans les campings"},"content":{"rendered":"<p>Afin de rassurer les vacanciers mais \u00e9galement les collaborateurs des campings, la F\u00e9d\u00e9ration Nationale de l&rsquo;H\u00f4tellerie de Plein Air (FNHPA) a d\u00e9fini un ensemble de recommandations d\u00e9finissant les grandes lignes du cadre sanitaire qui sera mis en place dans les campings cet \u00e9t\u00e9.<\/p>\n<p>Ce protocole sanitaire, valid\u00e9 par le gouvernement le 18 juin dernier, a \u00e9t\u00e9 r\u00e9dig\u00e9 en tenant compte des avis du Minist\u00e8re de la Sant\u00e9, du Haut conseil de la sant\u00e9 publique, des professionnels de l\u2019h\u00f4tellerie de plein air et des organisations syndicale.<\/p>\n<p>D\u00e9couvrez ci-dessous les principales recommandations du protocole.<\/p>\n<p><strong>Animations<\/strong><\/p>\n<ul>\n<li>Adapter le programme d\u2019animation y compris clubs enfants et ados aux prescriptions sanitaires et aux d\u00e9cisions du gouvernement notamment en limitant les groupes \u00e0 10 personnes maximum et en \u00e9vitant de brasser les groupes.<\/li>\n<li>Ouvrir les structures de jeux pour enfants en se conformant aux prescriptions r\u00e9glementaires (protocole appliqu\u00e9 aux \u00e9coles)<\/li>\n<\/ul>\n<p><strong>Bars \/ restaurants<\/strong><\/p>\n<ul>\n<li>Adapter bars et restaurants aux prescriptions sanitaires et aux d\u00e9cisions du gouvernement.<\/li>\n<li>Respecter la distance d\u2019 1 m\u00e8tre entre chaque table notamment.<\/li>\n<\/ul>\n<p><strong>Piscines et parcs aquatiques<\/strong><\/p>\n<ul>\n<li>Limiter la capacit\u00e9 d\u2019accueil de l\u2019enceinte de l\u2019espace aquatique en respectant la r\u00e8gle des 4m\u00b2 par personne, ceci s\u2019entendant pour baigneurs et non baigneurs , dans et en dehors des bassins int\u00e9rieurs ou ext\u00e9rieurs. Une distance de 1 m devant derri\u00e8re \u00e0 gauche et \u00e0 droite de chaque personne doit \u00eatre respect\u00e9e en toutes circonstances.<\/li>\n<li>Renforcer le r\u00e8glement int\u00e9rieur de la piscine\u00a0 en int\u00e9grant les gestes barri\u00e8res et les affichages r\u00e9glementaires.<\/li>\n<li>Augmenter la fr\u00e9quence de nettoyage et de d\u00e9sinfection des surfaces et \u00e9quipements de l\u2019espace aquatique.<\/li>\n<li>R\u00e9duire ou supprimer (si d\u00e9sinfection difficile) les mobiliers de type transats afin de respecter la distanciation physique et de faciliter le nettoyage autour du bassin.<\/li>\n<\/ul>\n<p><strong>Nettoyage des clubs enfants<\/strong><\/p>\n<ul>\n<li>Selon normes sanitaires appliqu\u00e9es aux \u00e9tablissements scolaires.<\/li>\n<\/ul>\n<p><strong>Nettoyage des h\u00e9bergements locatifs<\/strong><\/p>\n<ul>\n<li>Identifier les points de contacts pr\u00e9sentant un risque de transmission du virus<\/li>\n<li>Modifier en cons\u00e9quence les proc\u00e9dures de m\u00e9nage existantes afin d\u2019y int\u00e9grer les produits, le mat\u00e9riel et les modes op\u00e9ratoires de d\u00e9sinfection<\/li>\n<li>Favoriser au maximum la rotation des h\u00e9bergements entre les clients. Laisser au minimum 6 heures un h\u00e9bergement sans client.<\/li>\n<li>Nettoyer et d\u00e9sinfecter toutes les zones de contact apr\u00e8s chaque d\u00e9part de client.<\/li>\n<li>Laver au minimum pendant 30 mn \u00e0 60 degr\u00e9s les tissus en contact cutan\u00e9 pendant le sommeil (draps, taies, housses de couettes) et le cas \u00e9ch\u00e9ant les nappes serviettes et torchons.<\/li>\n<\/ul>\n<p><strong>Nettoyage et utilisation des sanitaires collectifs<\/strong><\/p>\n<ul>\n<li>Limiter la fr\u00e9quentation instantan\u00e9e des sanitaires collectifs et l\u2019afficher \u00e0 l\u2019entr\u00e9e des sanitaires<\/li>\n<li>Condamner les \u00e9quipements ne permettant pas de pr\u00e9server la distanciation physique (ex. : urinoirs contigus)<\/li>\n<li>Mettre en place si possible un sens de circulation des personnes, en mat\u00e9rialisant entr\u00e9e et sortie du b\u00e2timent sanitaire.<\/li>\n<li>Renforcer la fr\u00e9quence du nettoyage, et modifier les proc\u00e9dures de nettoyage en d\u00e9taillant les proc\u00e9dures de d\u00e9sinfection.<\/li>\n<li>Permettre aux clients : de se d\u00e9sinfecter \/ laver les mains au savon dans mesure du possible, d\u00e8s l\u2019entr\u00e9e dans le sanitaire et de proc\u00e9der eux-m\u00eames \u00e0 une d\u00e9sinfection compl\u00e9mentaire.<\/li>\n<\/ul>\n<p><strong>T\u00e9l\u00e9chargez ci-dessous le protocole sanitaire pour l&rsquo;HPA<\/strong><\/p>\n<p><a href=\"http:\/\/www.ot-campings.com\/content\/download\/26906\/307599\/version\/1\/file\/Protocole+Sanitaire+camping+Covid-19.pdf\" target=\"_blank\" rel=\"noopener\"><strong>Protocole sanitaire pour les campings et PRL<\/strong><\/a><\/p>\n<p><em>Source de l&rsquo;article :<\/em> <a href=\"http:\/\/www.ot-campings.com\/L-Actualite\/Protocole-sanitaire-des-campings-il-est-enfin-sorti\" target=\"_blank\" rel=\"noopener\"><em>L&rsquo;officiel des terrains de camping<\/em><\/a><\/p>\n","protected":false},"excerpt":{"rendered":"<p>Afin de rassurer les vacanciers mais \u00e9galement les collaborateurs des campings, la F\u00e9d\u00e9ration Nationale de l&rsquo;H\u00f4tellerie de Plein Air (FNHPA) a d\u00e9fini un ensemble de recommandations d\u00e9finissant les grandes lignes du cadre sanitaire qui sera mis en place dans les campings cet \u00e9t\u00e9. Ce protocole sanitaire, valid\u00e9 par le gouvernement le 18 juin dernier, a [&hellip;]<\/p>\n","protected":false},"author":2,"featured_media":0,"parent":0,"menu_order":0,"comment_status":"closed","ping_status":"closed","template":"template-onecolumn.php","meta":{"footnotes":""},"class_list":["post-1965","page","type-page","status-publish","hentry"],"yoast_head":"<!-- This site is optimized with the Yoast SEO plugin v27.1.1 - https:\/\/yoast.com\/product\/yoast-seo-wordpress\/ -->\n<title>Protocole sanitaire dans les campings<\/title>\n<meta name=\"robots\" content=\"index, follow, max-snippet:-1, max-image-preview:large, max-video-preview:-1\" \/>\n<link rel=\"canonical\" href=\"https:\/\/www.vacances-campings.fr\/content\/protocole-sanitaire-campings\/\" \/>\n<meta property=\"og:locale\" content=\"fr_FR\" \/>\n<meta property=\"og:type\" content=\"article\" \/>\n<meta property=\"og:title\" content=\"Protocole sanitaire dans les campings\" \/>\n<meta property=\"og:description\" content=\"Afin de rassurer les vacanciers mais \u00e9galement les collaborateurs des campings, la F\u00e9d\u00e9ration Nationale de l&rsquo;H\u00f4tellerie de Plein Air (FNHPA) a d\u00e9fini un ensemble de recommandations d\u00e9finissant les grandes lignes du cadre sanitaire qui sera mis en place dans les campings cet \u00e9t\u00e9. Ce protocole sanitaire, valid\u00e9 par le gouvernement le 18 juin dernier, a [&hellip;]\" \/>\n<meta property=\"og:url\" content=\"https:\/\/www.vacances-campings.fr\/content\/protocole-sanitaire-campings\/\" \/>\n<meta property=\"og:site_name\" content=\"Vacances Campings Content site\" \/>\n<meta property=\"article:publisher\" content=\"https:\/\/fr-fr.facebook.com\/campingscom\/\" \/>\n<meta property=\"article:modified_time\" content=\"2020-07-03T13:44:00+00:00\" \/>\n<meta name=\"twitter:card\" content=\"summary_large_image\" \/>\n<meta name=\"twitter:label1\" content=\"Dur\u00e9e de lecture estim\u00e9e\" \/>\n\t<meta name=\"twitter:data1\" content=\"3 minutes\" \/>\n<script type=\"application\/ld+json\" class=\"yoast-schema-graph\">{\"@context\":\"https:\/\/schema.org\",\"@graph\":[{\"@type\":\"WebPage\",\"@id\":\"https:\/\/www.vacances-campings.fr\/content\/protocole-sanitaire-campings\/\",\"url\":\"https:\/\/www.vacances-campings.fr\/content\/protocole-sanitaire-campings\/\",\"name\":\"Protocole sanitaire dans les campings\",\"isPartOf\":{\"@id\":\"https:\/\/www.vacances-campings.fr\/content\/#website\"},\"datePublished\":\"2020-06-25T06:03:13+00:00\",\"dateModified\":\"2020-07-03T13:44:00+00:00\",\"breadcrumb\":{\"@id\":\"https:\/\/www.vacances-campings.fr\/content\/protocole-sanitaire-campings\/#breadcrumb\"},\"inLanguage\":\"fr-FR\",\"potentialAction\":[{\"@type\":\"ReadAction\",\"target\":[\"https:\/\/www.vacances-campings.fr\/content\/protocole-sanitaire-campings\/\"]}]},{\"@type\":\"BreadcrumbList\",\"@id\":\"https:\/\/www.vacances-campings.fr\/content\/protocole-sanitaire-campings\/#breadcrumb\",\"itemListElement\":[{\"@type\":\"ListItem\",\"position\":1,\"name\":\"Home\",\"item\":\"https:\/\/www.vacances-campings.fr\/content\/\"},{\"@type\":\"ListItem\",\"position\":2,\"name\":\"Protocole sanitaire dans les campings\"}]},{\"@type\":\"WebSite\",\"@id\":\"https:\/\/www.vacances-campings.fr\/content\/#website\",\"url\":\"https:\/\/www.vacances-campings.fr\/content\/\",\"name\":\"Vacances Campings Content site\",\"description\":\"\",\"publisher\":{\"@id\":\"https:\/\/www.vacances-campings.fr\/content\/#organization\"},\"potentialAction\":[{\"@type\":\"SearchAction\",\"target\":{\"@type\":\"EntryPoint\",\"urlTemplate\":\"https:\/\/www.vacances-campings.fr\/content\/?s={search_term_string}\"},\"query-input\":{\"@type\":\"PropertyValueSpecification\",\"valueRequired\":true,\"valueName\":\"search_term_string\"}}],\"inLanguage\":\"fr-FR\"},{\"@type\":\"Organization\",\"@id\":\"https:\/\/www.vacances-campings.fr\/content\/#organization\",\"name\":\"Campings.com\",\"url\":\"https:\/\/www.vacances-campings.fr\/content\/\",\"logo\":{\"@type\":\"ImageObject\",\"inLanguage\":\"fr-FR\",\"@id\":\"https:\/\/www.vacances-campings.fr\/content\/#\/schema\/logo\/image\/\",\"url\":\"https:\/\/www.vacances-campings.fr\/content\/wp-content\/uploads\/2019\/04\/Logo-Campings-com-200x184-1.jpg\",\"contentUrl\":\"https:\/\/www.vacances-campings.fr\/content\/wp-content\/uploads\/2019\/04\/Logo-Campings-com-200x184-1.jpg\",\"width\":200,\"height\":184,\"caption\":\"Campings.com\"},\"image\":{\"@id\":\"https:\/\/www.vacances-campings.fr\/content\/#\/schema\/logo\/image\/\"},\"sameAs\":[\"https:\/\/fr-fr.facebook.com\/campingscom\/\"]}]}<\/script>\n<!-- \/ Yoast SEO plugin. -->","yoast_head_json":{"title":"Protocole sanitaire dans les campings","robots":{"index":"index","follow":"follow","max-snippet":"max-snippet:-1","max-image-preview":"max-image-preview:large","max-video-preview":"max-video-preview:-1"},"canonical":"https:\/\/www.vacances-campings.fr\/content\/protocole-sanitaire-campings\/","og_locale":"fr_FR","og_type":"article","og_title":"Protocole sanitaire dans les campings","og_description":"Afin de rassurer les vacanciers mais \u00e9galement les collaborateurs des campings, la F\u00e9d\u00e9ration Nationale de l&rsquo;H\u00f4tellerie de Plein Air (FNHPA) a d\u00e9fini un ensemble de recommandations d\u00e9finissant les grandes lignes du cadre sanitaire qui sera mis en place dans les campings cet \u00e9t\u00e9. Ce protocole sanitaire, valid\u00e9 par le gouvernement le 18 juin dernier, a [&hellip;]","og_url":"https:\/\/www.vacances-campings.fr\/content\/protocole-sanitaire-campings\/","og_site_name":"Vacances Campings Content site","article_publisher":"https:\/\/fr-fr.facebook.com\/campingscom\/","article_modified_time":"2020-07-03T13:44:00+00:00","twitter_card":"summary_large_image","twitter_misc":{"Dur\u00e9e de lecture estim\u00e9e":"3 minutes"},"schema":{"@context":"https:\/\/schema.org","@graph":[{"@type":"WebPage","@id":"https:\/\/www.vacances-campings.fr\/content\/protocole-sanitaire-campings\/","url":"https:\/\/www.vacances-campings.fr\/content\/protocole-sanitaire-campings\/","name":"Protocole sanitaire dans les campings","isPartOf":{"@id":"https:\/\/www.vacances-campings.fr\/content\/#website"},"datePublished":"2020-06-25T06:03:13+00:00","dateModified":"2020-07-03T13:44:00+00:00","breadcrumb":{"@id":"https:\/\/www.vacances-campings.fr\/content\/protocole-sanitaire-campings\/#breadcrumb"},"inLanguage":"fr-FR","potentialAction":[{"@type":"ReadAction","target":["https:\/\/www.vacances-campings.fr\/content\/protocole-sanitaire-campings\/"]}]},{"@type":"BreadcrumbList","@id":"https:\/\/www.vacances-campings.fr\/content\/protocole-sanitaire-campings\/#breadcrumb","itemListElement":[{"@type":"ListItem","position":1,"name":"Home","item":"https:\/\/www.vacances-campings.fr\/content\/"},{"@type":"ListItem","position":2,"name":"Protocole sanitaire dans les campings"}]},{"@type":"WebSite","@id":"https:\/\/www.vacances-campings.fr\/content\/#website","url":"https:\/\/www.vacances-campings.fr\/content\/","name":"Vacances Campings Content site","description":"","publisher":{"@id":"https:\/\/www.vacances-campings.fr\/content\/#organization"},"potentialAction":[{"@type":"SearchAction","target":{"@type":"EntryPoint","urlTemplate":"https:\/\/www.vacances-campings.fr\/content\/?s={search_term_string}"},"query-input":{"@type":"PropertyValueSpecification","valueRequired":true,"valueName":"search_term_string"}}],"inLanguage":"fr-FR"},{"@type":"Organization","@id":"https:\/\/www.vacances-campings.fr\/content\/#organization","name":"Campings.com","url":"https:\/\/www.vacances-campings.fr\/content\/","logo":{"@type":"ImageObject","inLanguage":"fr-FR","@id":"https:\/\/www.vacances-campings.fr\/content\/#\/schema\/logo\/image\/","url":"https:\/\/www.vacances-campings.fr\/content\/wp-content\/uploads\/2019\/04\/Logo-Campings-com-200x184-1.jpg","contentUrl":"https:\/\/www.vacances-campings.fr\/content\/wp-content\/uploads\/2019\/04\/Logo-Campings-com-200x184-1.jpg","width":200,"height":184,"caption":"Campings.com"},"image":{"@id":"https:\/\/www.vacances-campings.fr\/content\/#\/schema\/logo\/image\/"},"sameAs":["https:\/\/fr-fr.facebook.com\/campingscom\/"]}]}},"_links":{"self":[{"href":"https:\/\/www.vacances-campings.fr\/content\/wp-json\/wp\/v2\/pages\/1965","targetHints":{"allow":["GET"]}}],"collection":[{"href":"https:\/\/www.vacances-campings.fr\/content\/wp-json\/wp\/v2\/pages"}],"about":[{"href":"https:\/\/www.vacances-campings.fr\/content\/wp-json\/wp\/v2\/types\/page"}],"author":[{"embeddable":true,"href":"https:\/\/www.vacances-campings.fr\/content\/wp-json\/wp\/v2\/users\/2"}],"replies":[{"embeddable":true,"href":"https:\/\/www.vacances-campings.fr\/content\/wp-json\/wp\/v2\/comments?post=1965"}],"version-history":[{"count":5,"href":"https:\/\/www.vacances-campings.fr\/content\/wp-json\/wp\/v2\/pages\/1965\/revisions"}],"predecessor-version":[{"id":1982,"href":"https:\/\/www.vacances-campings.fr\/content\/wp-json\/wp\/v2\/pages\/1965\/revisions\/1982"}],"wp:attachment":[{"href":"https:\/\/www.vacances-campings.fr\/content\/wp-json\/wp\/v2\/media?parent=1965"}],"curies":[{"name":"wp","href":"https:\/\/api.w.org\/{rel}","templated":true}]}}