{"id":1765,"date":"2020-02-28T14:45:49","date_gmt":"2020-02-28T14:45:49","guid":{"rendered":"https:\/\/www.vacances-campings.fr\/content\/?page_id=1765"},"modified":"2020-02-28T14:45:54","modified_gmt":"2020-02-28T14:45:54","slug":"que-faire-en-camping-quand-il-pleut","status":"publish","type":"page","link":"https:\/\/www.vacances-campings.fr\/content\/tout-savoir-sur-le-camping\/faq-camping\/que-faire-en-camping-quand-il-pleut\/","title":{"rendered":"Que faire en camping quand il pleut ?"},"content":{"rendered":"<p>Quand il pleut en <a href=\"https:\/\/www.vacances-campings.fr\/content\/tout-savoir-sur-le-camping\/faq-camping\/\">camping<\/a>, voici quelques id\u00e9es d\u2019activit\u00e9s :<\/p>\n<ul>\n<li>Des <strong>jeux de soci\u00e9t\u00e9<\/strong> \u00e0 faire en famille.<\/li>\n<li><strong>Lire<\/strong> ou raconter une histoire aux plus jeunes.<\/li>\n<li>Faire des <strong>sorties culturelles ou un peu de tourisme<\/strong>.<\/li>\n<li>Rejoindre la <strong>salle de jeu couverte du camping<\/strong>.<\/li>\n<li><strong>Regarder un film <\/strong>ou jouer aux jeux vid\u00e9o.<strong><br \/>\n<\/strong><\/li>\n<\/ul>\n<h2>Quelles sont les activit\u00e9s \u00e0 faire quand il pleut \u00e0 l&rsquo;int\u00e9rieur du camping ?<\/h2>\n<p>Les vacances en camping ne se font pas toujours sous le soleil. Il faut savoir anticiper les activit\u00e9s des jours de pluie pour permettre auxenfants comme aux grands de s\u2019occuper avec plaisir.<\/p>\n<ul>\n<li>Rejoindre les espaces couverts offerts par les campings : certains \u00e9tablissements proposent des salles communes o\u00f9 il est possible de <strong>participer \u00e0 des animations<\/strong> organis\u00e9es pour l\u2019occasion. Parfois, il est m\u00eame possible de profiter d\u2019une <strong>piscine couverte<\/strong>.<\/li>\n<li>Occupez-vous de votre int\u00e9rieur : c\u2019est l\u2019occasion de <strong>ranger les v\u00eatements<\/strong> et de faire un peu de nettoyage.<\/li>\n<li><strong>Lire<\/strong>, faire les devoirs de vacances, <strong>regarder un film<\/strong>, jouer \u00e0 des jeux de soci\u00e9t\u00e9 ou \u00e0 des jeux vid\u00e9o, le tout <strong>en famille ou avec les amis du camping<\/strong>.<\/li>\n<\/ul>\n<h2>Que faire \u00e0 l&rsquo;ext\u00e9rieur du camping quand il pleut ?<\/h2>\n<p>La pluie est l&rsquo;occasion de sortir du camping et de d\u00e9couvrir le monde qui vous entoure. Voici quelques exemples d&rsquo;activit\u00e9s pour passer une journ\u00e9e \u00e0 l&rsquo;ext\u00e9rieur.<\/p>\n<ul>\n<li><strong>Profitez des mus\u00e9es<\/strong> de la r\u00e9gion et <strong>d\u00e9couvrez les richesses<\/strong> de ce coin de France.<\/li>\n<li>Visitez<strong> un aquarium<\/strong> par exemple ou une ville touristique.<\/li>\n<li>Et pourquoi ne pas vous offrir une <strong>sortie au cin\u00e9ma en famille <\/strong>?<\/li>\n<\/ul>\n","protected":false},"excerpt":{"rendered":"<p>Quand il pleut en camping, voici quelques id\u00e9es d\u2019activit\u00e9s : Des jeux de soci\u00e9t\u00e9 \u00e0 faire en famille. Lire ou raconter une histoire aux plus jeunes. Faire des sorties culturelles ou un peu de tourisme. Rejoindre la salle de jeu couverte du camping. Regarder un film ou jouer aux jeux vid\u00e9o. Quelles sont les activit\u00e9s [&hellip;]<\/p>\n","protected":false},"author":2,"featured_media":0,"parent":1638,"menu_order":0,"comment_status":"closed","ping_status":"closed","template":"template-twocolumns.php","meta":{"footnotes":""},"class_list":["post-1765","page","type-page","status-publish","hentry"],"yoast_head":"<!-- This site is optimized with the Yoast SEO plugin v27.1.1 - https:\/\/yoast.com\/product\/yoast-seo-wordpress\/ -->\n<title>Que faire en camping quand il pleut ?<\/title>\n<meta name=\"description\" content=\"FAQ - Que faire en camping quand il pleut ?\" \/>\n<meta name=\"robots\" content=\"index, follow, max-snippet:-1, max-image-preview:large, max-video-preview:-1\" \/>\n<link rel=\"canonical\" href=\"https:\/\/www.vacances-campings.fr\/content\/tout-savoir-sur-le-camping\/faq-camping\/que-faire-en-camping-quand-il-pleut\/\" \/>\n<meta property=\"og:locale\" content=\"fr_FR\" \/>\n<meta property=\"og:type\" content=\"article\" \/>\n<meta property=\"og:title\" content=\"Que faire en camping quand il pleut ?\" \/>\n<meta property=\"og:description\" content=\"FAQ - Que faire en camping quand il pleut ?\" \/>\n<meta property=\"og:url\" content=\"https:\/\/www.vacances-campings.fr\/content\/tout-savoir-sur-le-camping\/faq-camping\/que-faire-en-camping-quand-il-pleut\/\" \/>\n<meta property=\"og:site_name\" content=\"Vacances Campings Content site\" \/>\n<meta property=\"article:publisher\" content=\"https:\/\/fr-fr.facebook.com\/campingscom\/\" \/>\n<meta property=\"article:modified_time\" content=\"2020-02-28T14:45:54+00:00\" \/>\n<meta name=\"twitter:card\" content=\"summary_large_image\" \/>\n<meta name=\"twitter:label1\" content=\"Dur\u00e9e de lecture estim\u00e9e\" \/>\n\t<meta name=\"twitter:data1\" content=\"1 minute\" \/>\n<script type=\"application\/ld+json\" class=\"yoast-schema-graph\">{\"@context\":\"https:\/\/schema.org\",\"@graph\":[{\"@type\":\"WebPage\",\"@id\":\"https:\/\/www.vacances-campings.fr\/content\/tout-savoir-sur-le-camping\/faq-camping\/que-faire-en-camping-quand-il-pleut\/\",\"url\":\"https:\/\/www.vacances-campings.fr\/content\/tout-savoir-sur-le-camping\/faq-camping\/que-faire-en-camping-quand-il-pleut\/\",\"name\":\"Que faire en camping quand il pleut ?\",\"isPartOf\":{\"@id\":\"https:\/\/www.vacances-campings.fr\/content\/#website\"},\"datePublished\":\"2020-02-28T14:45:49+00:00\",\"dateModified\":\"2020-02-28T14:45:54+00:00\",\"description\":\"FAQ - Que faire en camping quand il pleut ?\",\"breadcrumb\":{\"@id\":\"https:\/\/www.vacances-campings.fr\/content\/tout-savoir-sur-le-camping\/faq-camping\/que-faire-en-camping-quand-il-pleut\/#breadcrumb\"},\"inLanguage\":\"fr-FR\",\"potentialAction\":[{\"@type\":\"ReadAction\",\"target\":[\"https:\/\/www.vacances-campings.fr\/content\/tout-savoir-sur-le-camping\/faq-camping\/que-faire-en-camping-quand-il-pleut\/\"]}]},{\"@type\":\"BreadcrumbList\",\"@id\":\"https:\/\/www.vacances-campings.fr\/content\/tout-savoir-sur-le-camping\/faq-camping\/que-faire-en-camping-quand-il-pleut\/#breadcrumb\",\"itemListElement\":[{\"@type\":\"ListItem\",\"position\":1,\"name\":\"Home\",\"item\":\"https:\/\/www.vacances-campings.fr\/content\/\"},{\"@type\":\"ListItem\",\"position\":2,\"name\":\"Tout savoir sur le camping\",\"item\":\"https:\/\/www.vacances-campings.fr\/content\/tout-savoir-sur-le-camping\/\"},{\"@type\":\"ListItem\",\"position\":3,\"name\":\"FAQ camping\",\"item\":\"https:\/\/www.vacances-campings.fr\/content\/tout-savoir-sur-le-camping\/faq-camping\/\"},{\"@type\":\"ListItem\",\"position\":4,\"name\":\"Que faire en camping quand il pleut ?\"}]},{\"@type\":\"WebSite\",\"@id\":\"https:\/\/www.vacances-campings.fr\/content\/#website\",\"url\":\"https:\/\/www.vacances-campings.fr\/content\/\",\"name\":\"Vacances Campings Content site\",\"description\":\"\",\"publisher\":{\"@id\":\"https:\/\/www.vacances-campings.fr\/content\/#organization\"},\"potentialAction\":[{\"@type\":\"SearchAction\",\"target\":{\"@type\":\"EntryPoint\",\"urlTemplate\":\"https:\/\/www.vacances-campings.fr\/content\/?s={search_term_string}\"},\"query-input\":{\"@type\":\"PropertyValueSpecification\",\"valueRequired\":true,\"valueName\":\"search_term_string\"}}],\"inLanguage\":\"fr-FR\"},{\"@type\":\"Organization\",\"@id\":\"https:\/\/www.vacances-campings.fr\/content\/#organization\",\"name\":\"Campings.com\",\"url\":\"https:\/\/www.vacances-campings.fr\/content\/\",\"logo\":{\"@type\":\"ImageObject\",\"inLanguage\":\"fr-FR\",\"@id\":\"https:\/\/www.vacances-campings.fr\/content\/#\/schema\/logo\/image\/\",\"url\":\"https:\/\/www.vacances-campings.fr\/content\/wp-content\/uploads\/2019\/04\/Logo-Campings-com-200x184-1.jpg\",\"contentUrl\":\"https:\/\/www.vacances-campings.fr\/content\/wp-content\/uploads\/2019\/04\/Logo-Campings-com-200x184-1.jpg\",\"width\":200,\"height\":184,\"caption\":\"Campings.com\"},\"image\":{\"@id\":\"https:\/\/www.vacances-campings.fr\/content\/#\/schema\/logo\/image\/\"},\"sameAs\":[\"https:\/\/fr-fr.facebook.com\/campingscom\/\"]}]}<\/script>\n<!-- \/ Yoast SEO plugin. -->","yoast_head_json":{"title":"Que faire en camping quand il pleut ?","description":"FAQ - Que faire en camping quand il pleut ?","robots":{"index":"index","follow":"follow","max-snippet":"max-snippet:-1","max-image-preview":"max-image-preview:large","max-video-preview":"max-video-preview:-1"},"canonical":"https:\/\/www.vacances-campings.fr\/content\/tout-savoir-sur-le-camping\/faq-camping\/que-faire-en-camping-quand-il-pleut\/","og_locale":"fr_FR","og_type":"article","og_title":"Que faire en camping quand il pleut ?","og_description":"FAQ - Que faire en camping quand il pleut ?","og_url":"https:\/\/www.vacances-campings.fr\/content\/tout-savoir-sur-le-camping\/faq-camping\/que-faire-en-camping-quand-il-pleut\/","og_site_name":"Vacances Campings Content site","article_publisher":"https:\/\/fr-fr.facebook.com\/campingscom\/","article_modified_time":"2020-02-28T14:45:54+00:00","twitter_card":"summary_large_image","twitter_misc":{"Dur\u00e9e de lecture estim\u00e9e":"1 minute"},"schema":{"@context":"https:\/\/schema.org","@graph":[{"@type":"WebPage","@id":"https:\/\/www.vacances-campings.fr\/content\/tout-savoir-sur-le-camping\/faq-camping\/que-faire-en-camping-quand-il-pleut\/","url":"https:\/\/www.vacances-campings.fr\/content\/tout-savoir-sur-le-camping\/faq-camping\/que-faire-en-camping-quand-il-pleut\/","name":"Que faire en camping quand il pleut ?","isPartOf":{"@id":"https:\/\/www.vacances-campings.fr\/content\/#website"},"datePublished":"2020-02-28T14:45:49+00:00","dateModified":"2020-02-28T14:45:54+00:00","description":"FAQ - Que faire en camping quand il pleut ?","breadcrumb":{"@id":"https:\/\/www.vacances-campings.fr\/content\/tout-savoir-sur-le-camping\/faq-camping\/que-faire-en-camping-quand-il-pleut\/#breadcrumb"},"inLanguage":"fr-FR","potentialAction":[{"@type":"ReadAction","target":["https:\/\/www.vacances-campings.fr\/content\/tout-savoir-sur-le-camping\/faq-camping\/que-faire-en-camping-quand-il-pleut\/"]}]},{"@type":"BreadcrumbList","@id":"https:\/\/www.vacances-campings.fr\/content\/tout-savoir-sur-le-camping\/faq-camping\/que-faire-en-camping-quand-il-pleut\/#breadcrumb","itemListElement":[{"@type":"ListItem","position":1,"name":"Home","item":"https:\/\/www.vacances-campings.fr\/content\/"},{"@type":"ListItem","position":2,"name":"Tout savoir sur le camping","item":"https:\/\/www.vacances-campings.fr\/content\/tout-savoir-sur-le-camping\/"},{"@type":"ListItem","position":3,"name":"FAQ camping","item":"https:\/\/www.vacances-campings.fr\/content\/tout-savoir-sur-le-camping\/faq-camping\/"},{"@type":"ListItem","position":4,"name":"Que faire en camping quand il pleut ?"}]},{"@type":"WebSite","@id":"https:\/\/www.vacances-campings.fr\/content\/#website","url":"https:\/\/www.vacances-campings.fr\/content\/","name":"Vacances Campings Content site","description":"","publisher":{"@id":"https:\/\/www.vacances-campings.fr\/content\/#organization"},"potentialAction":[{"@type":"SearchAction","target":{"@type":"EntryPoint","urlTemplate":"https:\/\/www.vacances-campings.fr\/content\/?s={search_term_string}"},"query-input":{"@type":"PropertyValueSpecification","valueRequired":true,"valueName":"search_term_string"}}],"inLanguage":"fr-FR"},{"@type":"Organization","@id":"https:\/\/www.vacances-campings.fr\/content\/#organization","name":"Campings.com","url":"https:\/\/www.vacances-campings.fr\/content\/","logo":{"@type":"ImageObject","inLanguage":"fr-FR","@id":"https:\/\/www.vacances-campings.fr\/content\/#\/schema\/logo\/image\/","url":"https:\/\/www.vacances-campings.fr\/content\/wp-content\/uploads\/2019\/04\/Logo-Campings-com-200x184-1.jpg","contentUrl":"https:\/\/www.vacances-campings.fr\/content\/wp-content\/uploads\/2019\/04\/Logo-Campings-com-200x184-1.jpg","width":200,"height":184,"caption":"Campings.com"},"image":{"@id":"https:\/\/www.vacances-campings.fr\/content\/#\/schema\/logo\/image\/"},"sameAs":["https:\/\/fr-fr.facebook.com\/campingscom\/"]}]}},"_links":{"self":[{"href":"https:\/\/www.vacances-campings.fr\/content\/wp-json\/wp\/v2\/pages\/1765","targetHints":{"allow":["GET"]}}],"collection":[{"href":"https:\/\/www.vacances-campings.fr\/content\/wp-json\/wp\/v2\/pages"}],"about":[{"href":"https:\/\/www.vacances-campings.fr\/content\/wp-json\/wp\/v2\/types\/page"}],"author":[{"embeddable":true,"href":"https:\/\/www.vacances-campings.fr\/content\/wp-json\/wp\/v2\/users\/2"}],"replies":[{"embeddable":true,"href":"https:\/\/www.vacances-campings.fr\/content\/wp-json\/wp\/v2\/comments?post=1765"}],"version-history":[{"count":1,"href":"https:\/\/www.vacances-campings.fr\/content\/wp-json\/wp\/v2\/pages\/1765\/revisions"}],"predecessor-version":[{"id":1766,"href":"https:\/\/www.vacances-campings.fr\/content\/wp-json\/wp\/v2\/pages\/1765\/revisions\/1766"}],"up":[{"embeddable":true,"href":"https:\/\/www.vacances-campings.fr\/content\/wp-json\/wp\/v2\/pages\/1638"}],"wp:attachment":[{"href":"https:\/\/www.vacances-campings.fr\/content\/wp-json\/wp\/v2\/media?parent=1765"}],"curies":[{"name":"wp","href":"https:\/\/api.w.org\/{rel}","templated":true}]}}