{"id":1725,"date":"2020-02-28T14:29:43","date_gmt":"2020-02-28T14:29:43","guid":{"rendered":"https:\/\/www.vacances-campings.fr\/content\/?page_id=1725"},"modified":"2020-02-28T14:29:50","modified_gmt":"2020-02-28T14:29:50","slug":"a-quand-le-camping-car-electrique","status":"publish","type":"page","link":"https:\/\/www.vacances-campings.fr\/content\/tout-savoir-sur-le-camping\/faq-camping\/a-quand-le-camping-car-electrique\/","title":{"rendered":"\u00c0 quand le camping-car \u00e9lectrique ?"},"content":{"rendered":"<p>Le <strong>camping-car \u00e9lectrique<\/strong> existe d\u00e9j\u00e0. Premier <strong>camping-car \u00e9lectrique<\/strong>, l&rsquo;Iridium EV a \u00e9t\u00e9 introduit sur le march\u00e9 \u00e0 l&rsquo;\u00e9t\u00e9 2019. Rivian, Tesla, Volkswagen\u2026 la concurrence a d\u00e9j\u00e0 fait part de ses projets de <strong>camping cars \u00e9lectriques<\/strong> avec des dates de lancement fix\u00e9es \u00e0 2021 et 2022.<\/p>\n<h2>2019 : Iridium EV, premier camping, car \u00e9lectrique du march\u00e9<\/h2>\n<p>Le mod\u00e8le allemand Iridium EV est le premier <strong>camping, car \u00e9lectrique<\/strong> commercialis\u00e9. Pr\u00e9sent\u00e9 en janvier 2019 au Salon du Tourisme et du Caravaning CMT de Stuttgart, le <strong>camping, car \u00e9lectrique <\/strong>a \u00e9t\u00e9 livr\u00e9 \u00e0 ses premiers clients \u00e0 la fin de l&rsquo;ann\u00e9e 2019.<\/p>\n<h2>2021 : Rivian R1T, le camping, car am\u00e9ricain contre-attaque<\/h2>\n<p>Avec un seul mod\u00e8le sur le march\u00e9, le <strong>camping, car \u00e9lectrique<\/strong> devra attendre 2021 pour se d\u00e9velopper. La marque am\u00e9ricaine Rivian fera ses premiers pas sur le segment avec son R1T, un pick-up \u00e9lectrique modulable en camping-car.<\/p>\n<h2>2022 : Cybertruck, le camping-car \u00e9lectrique de Tesla<\/h2>\n<p>2021 sera une ann\u00e9e charni\u00e8re pour le <strong>camping-car \u00e9lectrique<\/strong>. Cette m\u00eame ann\u00e9e, le constructeur Tesla lancera la production de son propre pick-up\/<strong>camping-car \u00e9lectrique<\/strong> : le Cybertruck. La mise sur le march\u00e9 est planifi\u00e9e pour 2022. En 2022 toujours, Tesla travaillera sur une version am\u00e9lior\u00e9e de son premier mod\u00e8le.<\/p>\n<p>&nbsp;<\/p>\n<p><a href=\"https:\/\/www.vacances-campings.fr\/content\/tout-savoir-sur-le-camping\/faq-camping\/\">Retour \u00e0 la FAQ camping<\/a><\/p>\n","protected":false},"excerpt":{"rendered":"<p>Le camping-car \u00e9lectrique existe d\u00e9j\u00e0. Premier camping-car \u00e9lectrique, l&rsquo;Iridium EV a \u00e9t\u00e9 introduit sur le march\u00e9 \u00e0 l&rsquo;\u00e9t\u00e9 2019. Rivian, Tesla, Volkswagen\u2026 la concurrence a d\u00e9j\u00e0 fait part de ses projets de camping cars \u00e9lectriques avec des dates de lancement fix\u00e9es \u00e0 2021 et 2022. 2019 : Iridium EV, premier camping, car \u00e9lectrique du march\u00e9 [&hellip;]<\/p>\n","protected":false},"author":2,"featured_media":0,"parent":1638,"menu_order":0,"comment_status":"closed","ping_status":"closed","template":"template-twocolumns.php","meta":{"footnotes":""},"class_list":["post-1725","page","type-page","status-publish","hentry"],"yoast_head":"<!-- This site is optimized with the Yoast SEO plugin v27.1.1 - https:\/\/yoast.com\/product\/yoast-seo-wordpress\/ -->\n<title>A quand le camping car \u00e9lectrique ?<\/title>\n<meta name=\"description\" content=\"FAQ - A quand le camping car \u00e9lectrique ?\" \/>\n<meta name=\"robots\" content=\"index, follow, max-snippet:-1, max-image-preview:large, max-video-preview:-1\" \/>\n<link rel=\"canonical\" href=\"https:\/\/www.vacances-campings.fr\/content\/tout-savoir-sur-le-camping\/faq-camping\/a-quand-le-camping-car-electrique\/\" \/>\n<meta property=\"og:locale\" content=\"fr_FR\" \/>\n<meta property=\"og:type\" content=\"article\" \/>\n<meta property=\"og:title\" content=\"A quand le camping car \u00e9lectrique ?\" \/>\n<meta property=\"og:description\" content=\"FAQ - A quand le camping car \u00e9lectrique ?\" \/>\n<meta property=\"og:url\" content=\"https:\/\/www.vacances-campings.fr\/content\/tout-savoir-sur-le-camping\/faq-camping\/a-quand-le-camping-car-electrique\/\" \/>\n<meta property=\"og:site_name\" content=\"Vacances Campings Content site\" \/>\n<meta property=\"article:publisher\" content=\"https:\/\/fr-fr.facebook.com\/campingscom\/\" \/>\n<meta property=\"article:modified_time\" content=\"2020-02-28T14:29:50+00:00\" \/>\n<meta name=\"twitter:card\" content=\"summary_large_image\" \/>\n<meta name=\"twitter:label1\" content=\"Dur\u00e9e de lecture estim\u00e9e\" \/>\n\t<meta name=\"twitter:data1\" content=\"1 minute\" \/>\n<script type=\"application\/ld+json\" class=\"yoast-schema-graph\">{\"@context\":\"https:\/\/schema.org\",\"@graph\":[{\"@type\":\"WebPage\",\"@id\":\"https:\/\/www.vacances-campings.fr\/content\/tout-savoir-sur-le-camping\/faq-camping\/a-quand-le-camping-car-electrique\/\",\"url\":\"https:\/\/www.vacances-campings.fr\/content\/tout-savoir-sur-le-camping\/faq-camping\/a-quand-le-camping-car-electrique\/\",\"name\":\"A quand le camping car \u00e9lectrique ?\",\"isPartOf\":{\"@id\":\"https:\/\/www.vacances-campings.fr\/content\/#website\"},\"datePublished\":\"2020-02-28T14:29:43+00:00\",\"dateModified\":\"2020-02-28T14:29:50+00:00\",\"description\":\"FAQ - A quand le camping car \u00e9lectrique ?\",\"breadcrumb\":{\"@id\":\"https:\/\/www.vacances-campings.fr\/content\/tout-savoir-sur-le-camping\/faq-camping\/a-quand-le-camping-car-electrique\/#breadcrumb\"},\"inLanguage\":\"fr-FR\",\"potentialAction\":[{\"@type\":\"ReadAction\",\"target\":[\"https:\/\/www.vacances-campings.fr\/content\/tout-savoir-sur-le-camping\/faq-camping\/a-quand-le-camping-car-electrique\/\"]}]},{\"@type\":\"BreadcrumbList\",\"@id\":\"https:\/\/www.vacances-campings.fr\/content\/tout-savoir-sur-le-camping\/faq-camping\/a-quand-le-camping-car-electrique\/#breadcrumb\",\"itemListElement\":[{\"@type\":\"ListItem\",\"position\":1,\"name\":\"Home\",\"item\":\"https:\/\/www.vacances-campings.fr\/content\/\"},{\"@type\":\"ListItem\",\"position\":2,\"name\":\"Tout savoir sur le camping\",\"item\":\"https:\/\/www.vacances-campings.fr\/content\/tout-savoir-sur-le-camping\/\"},{\"@type\":\"ListItem\",\"position\":3,\"name\":\"FAQ camping\",\"item\":\"https:\/\/www.vacances-campings.fr\/content\/tout-savoir-sur-le-camping\/faq-camping\/\"},{\"@type\":\"ListItem\",\"position\":4,\"name\":\"\u00c0 quand le camping-car \u00e9lectrique ?\"}]},{\"@type\":\"WebSite\",\"@id\":\"https:\/\/www.vacances-campings.fr\/content\/#website\",\"url\":\"https:\/\/www.vacances-campings.fr\/content\/\",\"name\":\"Vacances Campings Content site\",\"description\":\"\",\"publisher\":{\"@id\":\"https:\/\/www.vacances-campings.fr\/content\/#organization\"},\"potentialAction\":[{\"@type\":\"SearchAction\",\"target\":{\"@type\":\"EntryPoint\",\"urlTemplate\":\"https:\/\/www.vacances-campings.fr\/content\/?s={search_term_string}\"},\"query-input\":{\"@type\":\"PropertyValueSpecification\",\"valueRequired\":true,\"valueName\":\"search_term_string\"}}],\"inLanguage\":\"fr-FR\"},{\"@type\":\"Organization\",\"@id\":\"https:\/\/www.vacances-campings.fr\/content\/#organization\",\"name\":\"Campings.com\",\"url\":\"https:\/\/www.vacances-campings.fr\/content\/\",\"logo\":{\"@type\":\"ImageObject\",\"inLanguage\":\"fr-FR\",\"@id\":\"https:\/\/www.vacances-campings.fr\/content\/#\/schema\/logo\/image\/\",\"url\":\"https:\/\/www.vacances-campings.fr\/content\/wp-content\/uploads\/2019\/04\/Logo-Campings-com-200x184-1.jpg\",\"contentUrl\":\"https:\/\/www.vacances-campings.fr\/content\/wp-content\/uploads\/2019\/04\/Logo-Campings-com-200x184-1.jpg\",\"width\":200,\"height\":184,\"caption\":\"Campings.com\"},\"image\":{\"@id\":\"https:\/\/www.vacances-campings.fr\/content\/#\/schema\/logo\/image\/\"},\"sameAs\":[\"https:\/\/fr-fr.facebook.com\/campingscom\/\"]}]}<\/script>\n<!-- \/ Yoast SEO plugin. -->","yoast_head_json":{"title":"A quand le camping car \u00e9lectrique ?","description":"FAQ - A quand le camping car \u00e9lectrique ?","robots":{"index":"index","follow":"follow","max-snippet":"max-snippet:-1","max-image-preview":"max-image-preview:large","max-video-preview":"max-video-preview:-1"},"canonical":"https:\/\/www.vacances-campings.fr\/content\/tout-savoir-sur-le-camping\/faq-camping\/a-quand-le-camping-car-electrique\/","og_locale":"fr_FR","og_type":"article","og_title":"A quand le camping car \u00e9lectrique ?","og_description":"FAQ - A quand le camping car \u00e9lectrique ?","og_url":"https:\/\/www.vacances-campings.fr\/content\/tout-savoir-sur-le-camping\/faq-camping\/a-quand-le-camping-car-electrique\/","og_site_name":"Vacances Campings Content site","article_publisher":"https:\/\/fr-fr.facebook.com\/campingscom\/","article_modified_time":"2020-02-28T14:29:50+00:00","twitter_card":"summary_large_image","twitter_misc":{"Dur\u00e9e de lecture estim\u00e9e":"1 minute"},"schema":{"@context":"https:\/\/schema.org","@graph":[{"@type":"WebPage","@id":"https:\/\/www.vacances-campings.fr\/content\/tout-savoir-sur-le-camping\/faq-camping\/a-quand-le-camping-car-electrique\/","url":"https:\/\/www.vacances-campings.fr\/content\/tout-savoir-sur-le-camping\/faq-camping\/a-quand-le-camping-car-electrique\/","name":"A quand le camping car \u00e9lectrique ?","isPartOf":{"@id":"https:\/\/www.vacances-campings.fr\/content\/#website"},"datePublished":"2020-02-28T14:29:43+00:00","dateModified":"2020-02-28T14:29:50+00:00","description":"FAQ - A quand le camping car \u00e9lectrique ?","breadcrumb":{"@id":"https:\/\/www.vacances-campings.fr\/content\/tout-savoir-sur-le-camping\/faq-camping\/a-quand-le-camping-car-electrique\/#breadcrumb"},"inLanguage":"fr-FR","potentialAction":[{"@type":"ReadAction","target":["https:\/\/www.vacances-campings.fr\/content\/tout-savoir-sur-le-camping\/faq-camping\/a-quand-le-camping-car-electrique\/"]}]},{"@type":"BreadcrumbList","@id":"https:\/\/www.vacances-campings.fr\/content\/tout-savoir-sur-le-camping\/faq-camping\/a-quand-le-camping-car-electrique\/#breadcrumb","itemListElement":[{"@type":"ListItem","position":1,"name":"Home","item":"https:\/\/www.vacances-campings.fr\/content\/"},{"@type":"ListItem","position":2,"name":"Tout savoir sur le camping","item":"https:\/\/www.vacances-campings.fr\/content\/tout-savoir-sur-le-camping\/"},{"@type":"ListItem","position":3,"name":"FAQ camping","item":"https:\/\/www.vacances-campings.fr\/content\/tout-savoir-sur-le-camping\/faq-camping\/"},{"@type":"ListItem","position":4,"name":"\u00c0 quand le camping-car \u00e9lectrique ?"}]},{"@type":"WebSite","@id":"https:\/\/www.vacances-campings.fr\/content\/#website","url":"https:\/\/www.vacances-campings.fr\/content\/","name":"Vacances Campings Content site","description":"","publisher":{"@id":"https:\/\/www.vacances-campings.fr\/content\/#organization"},"potentialAction":[{"@type":"SearchAction","target":{"@type":"EntryPoint","urlTemplate":"https:\/\/www.vacances-campings.fr\/content\/?s={search_term_string}"},"query-input":{"@type":"PropertyValueSpecification","valueRequired":true,"valueName":"search_term_string"}}],"inLanguage":"fr-FR"},{"@type":"Organization","@id":"https:\/\/www.vacances-campings.fr\/content\/#organization","name":"Campings.com","url":"https:\/\/www.vacances-campings.fr\/content\/","logo":{"@type":"ImageObject","inLanguage":"fr-FR","@id":"https:\/\/www.vacances-campings.fr\/content\/#\/schema\/logo\/image\/","url":"https:\/\/www.vacances-campings.fr\/content\/wp-content\/uploads\/2019\/04\/Logo-Campings-com-200x184-1.jpg","contentUrl":"https:\/\/www.vacances-campings.fr\/content\/wp-content\/uploads\/2019\/04\/Logo-Campings-com-200x184-1.jpg","width":200,"height":184,"caption":"Campings.com"},"image":{"@id":"https:\/\/www.vacances-campings.fr\/content\/#\/schema\/logo\/image\/"},"sameAs":["https:\/\/fr-fr.facebook.com\/campingscom\/"]}]}},"_links":{"self":[{"href":"https:\/\/www.vacances-campings.fr\/content\/wp-json\/wp\/v2\/pages\/1725","targetHints":{"allow":["GET"]}}],"collection":[{"href":"https:\/\/www.vacances-campings.fr\/content\/wp-json\/wp\/v2\/pages"}],"about":[{"href":"https:\/\/www.vacances-campings.fr\/content\/wp-json\/wp\/v2\/types\/page"}],"author":[{"embeddable":true,"href":"https:\/\/www.vacances-campings.fr\/content\/wp-json\/wp\/v2\/users\/2"}],"replies":[{"embeddable":true,"href":"https:\/\/www.vacances-campings.fr\/content\/wp-json\/wp\/v2\/comments?post=1725"}],"version-history":[{"count":1,"href":"https:\/\/www.vacances-campings.fr\/content\/wp-json\/wp\/v2\/pages\/1725\/revisions"}],"predecessor-version":[{"id":1726,"href":"https:\/\/www.vacances-campings.fr\/content\/wp-json\/wp\/v2\/pages\/1725\/revisions\/1726"}],"up":[{"embeddable":true,"href":"https:\/\/www.vacances-campings.fr\/content\/wp-json\/wp\/v2\/pages\/1638"}],"wp:attachment":[{"href":"https:\/\/www.vacances-campings.fr\/content\/wp-json\/wp\/v2\/media?parent=1725"}],"curies":[{"name":"wp","href":"https:\/\/api.w.org\/{rel}","templated":true}]}}